{"id":616,"date":"2016-09-13T14:58:26","date_gmt":"2016-09-13T18:58:26","guid":{"rendered":"http:\/\/simon.wps.dev\/fr\/home-purchase-calculators\/"},"modified":"2017-01-14T22:06:34","modified_gmt":"2017-01-15T03:06:34","slug":"home-purchase-calculators","status":"publish","type":"page","link":"https:\/\/markandersonmortgages.ca\/fr\/home-purchase\/home-purchase-calculators\/","title":{"rendered":"Calculateurs relatifs \u00e0 l&#8217;achat d&#8217;une propri\u00e9t\u00e9"},"content":{"rendered":"","protected":false},"excerpt":{"rendered":"<p>Que vous songiez \u00e0 acheter une nouvelle propri\u00e9t\u00e9, \u00e0 obtenir un pr\u00eat sur valeur domiciliaire ou une marge de cr\u00e9dit, ou \u00e0 refinancer un pr\u00eat hypoth\u00e9caire, nos calculateurs interactifs de pr\u00eats hypoth\u00e9caires vous permettront d&#8217;explorer vos options de pr\u00eat hypoth\u00e9caire pour prendre la bonne d\u00e9cision relative \u00e0 votre financement immobilier.<\/p>\n","protected":false},"author":1,"featured_media":501,"parent":628,"menu_order":0,"comment_status":"closed","ping_status":"closed","template":"","meta":[],"yoast_head":"<!-- This site is optimized with the Yoast SEO plugin v17.1 - https:\/\/yoast.com\/wordpress\/plugins\/seo\/ -->\n<meta name=\"robots\" content=\"index, follow, max-snippet:-1, max-image-preview:large, max-video-preview:-1\" \/>\n<link rel=\"canonical\" href=\"https:\/\/markandersonmortgages.ca\/fr\/home-purchase\/home-purchase-calculators\/\" \/>\n<meta property=\"og:locale\" content=\"fr_FR\" \/>\n<meta property=\"og:type\" content=\"article\" \/>\n<meta property=\"og:title\" content=\"Calculateurs relatifs \u00e0 l&#8217;achat d&#8217;une propri\u00e9t\u00e9 - DLC - Anderson Financial Mortgage &amp; Insurance\" \/>\n<meta property=\"og:description\" content=\"Que vous songiez \u00e0 acheter une nouvelle propri\u00e9t\u00e9, \u00e0 obtenir un pr\u00eat sur valeur domiciliaire ou une marge de cr\u00e9dit, ou \u00e0 refinancer un pr\u00eat hypoth\u00e9caire, nos calculateurs interactifs de pr\u00eats hypoth\u00e9caires vous permettront d&#8217;explorer vos options de pr\u00eat hypoth\u00e9caire pour prendre la bonne d\u00e9cision relative \u00e0 votre financement immobilier.\" \/>\n<meta property=\"og:url\" content=\"https:\/\/markandersonmortgages.ca\/fr\/home-purchase\/home-purchase-calculators\/\" \/>\n<meta property=\"og:site_name\" content=\"DLC - Anderson Financial Mortgage &amp; Insurance\" \/>\n<meta property=\"article:modified_time\" content=\"2017-01-15T03:06:34+00:00\" \/>\n<meta property=\"og:image\" content=\"https:\/\/markandersonmortgages.ca\/wp-content\/uploads\/2016\/10\/calculators.jpg\" \/>\n\t<meta property=\"og:image:width\" content=\"2000\" \/>\n\t<meta property=\"og:image:height\" content=\"1178\" \/>\n<meta name=\"twitter:card\" content=\"summary\" \/>\n<script type=\"application\/ld+json\" class=\"yoast-schema-graph\">{\"@context\":\"https:\/\/schema.org\",\"@graph\":[{\"@type\":\"WebSite\",\"@id\":\"https:\/\/markandersonmortgages.ca\/#website\",\"url\":\"https:\/\/markandersonmortgages.ca\/\",\"name\":\"DLC - Anderson Financial Mortgage &amp; Insurance\",\"description\":\"Just another WordPress site\",\"potentialAction\":[{\"@type\":\"SearchAction\",\"target\":{\"@type\":\"EntryPoint\",\"urlTemplate\":\"https:\/\/markandersonmortgages.ca\/?s={search_term_string}\"},\"query-input\":\"required name=search_term_string\"}],\"inLanguage\":\"fr-FR\"},{\"@type\":\"ImageObject\",\"@id\":\"https:\/\/markandersonmortgages.ca\/fr\/home-purchase\/home-purchase-calculators\/#primaryimage\",\"inLanguage\":\"fr-FR\",\"url\":\"https:\/\/markandersonmortgages.ca\/wp-content\/uploads\/2016\/10\/calculators.jpg\",\"contentUrl\":\"https:\/\/markandersonmortgages.ca\/wp-content\/uploads\/2016\/10\/calculators.jpg\",\"width\":2000,\"height\":1178},{\"@type\":\"WebPage\",\"@id\":\"https:\/\/markandersonmortgages.ca\/fr\/home-purchase\/home-purchase-calculators\/#webpage\",\"url\":\"https:\/\/markandersonmortgages.ca\/fr\/home-purchase\/home-purchase-calculators\/\",\"name\":\"Calculateurs relatifs \\u00e0 l&#8217;achat d&#8217;une propri\\u00e9t\\u00e9 - DLC - Anderson Financial Mortgage &amp; Insurance\",\"isPartOf\":{\"@id\":\"https:\/\/markandersonmortgages.ca\/#website\"},\"primaryImageOfPage\":{\"@id\":\"https:\/\/markandersonmortgages.ca\/fr\/home-purchase\/home-purchase-calculators\/#primaryimage\"},\"datePublished\":\"2016-09-13T18:58:26+00:00\",\"dateModified\":\"2017-01-15T03:06:34+00:00\",\"breadcrumb\":{\"@id\":\"https:\/\/markandersonmortgages.ca\/fr\/home-purchase\/home-purchase-calculators\/#breadcrumb\"},\"inLanguage\":\"fr-FR\",\"potentialAction\":[{\"@type\":\"ReadAction\",\"target\":[\"https:\/\/markandersonmortgages.ca\/fr\/home-purchase\/home-purchase-calculators\/\"]}]},{\"@type\":\"BreadcrumbList\",\"@id\":\"https:\/\/markandersonmortgages.ca\/fr\/home-purchase\/home-purchase-calculators\/#breadcrumb\",\"itemListElement\":[{\"@type\":\"ListItem\",\"position\":1,\"name\":\"Home\",\"item\":\"https:\/\/markandersonmortgages.ca\/fr\/\"},{\"@type\":\"ListItem\",\"position\":2,\"name\":\"Home Purchase\",\"item\":\"https:\/\/markandersonmortgages.ca\/fr\/home-purchase\/\"},{\"@type\":\"ListItem\",\"position\":3,\"name\":\"Calculateurs relatifs \\u00e0 l&#8217;achat d&#8217;une propri\\u00e9t\\u00e9\"}]}]}<\/script>\n<!-- \/ Yoast SEO plugin. -->","yoast_head_json":{"robots":{"index":"index","follow":"follow","max-snippet":"max-snippet:-1","max-image-preview":"max-image-preview:large","max-video-preview":"max-video-preview:-1"},"canonical":"https:\/\/markandersonmortgages.ca\/fr\/home-purchase\/home-purchase-calculators\/","og_locale":"fr_FR","og_type":"article","og_title":"Calculateurs relatifs \u00e0 l&#8217;achat d&#8217;une propri\u00e9t\u00e9 - DLC - Anderson Financial Mortgage &amp; Insurance","og_description":"Que vous songiez \u00e0 acheter une nouvelle propri\u00e9t\u00e9, \u00e0 obtenir un pr\u00eat sur valeur domiciliaire ou une marge de cr\u00e9dit, ou \u00e0 refinancer un pr\u00eat hypoth\u00e9caire, nos calculateurs interactifs de pr\u00eats hypoth\u00e9caires vous permettront d&#8217;explorer vos options de pr\u00eat hypoth\u00e9caire pour prendre la bonne d\u00e9cision relative \u00e0 votre financement immobilier.","og_url":"https:\/\/markandersonmortgages.ca\/fr\/home-purchase\/home-purchase-calculators\/","og_site_name":"DLC - Anderson Financial Mortgage &amp; Insurance","article_modified_time":"2017-01-15T03:06:34+00:00","og_image":[{"width":2000,"height":1178,"url":"https:\/\/markandersonmortgages.ca\/wp-content\/uploads\/2016\/10\/calculators.jpg","path":"\/var\/www\/sites\/wps\/sites\/code\/wp-content\/uploads\/2016\/10\/calculators.jpg","size":"full","id":501,"alt":"","pixels":2356000,"type":"image\/jpeg"}],"twitter_card":"summary","schema":{"@context":"https:\/\/schema.org","@graph":[{"@type":"WebSite","@id":"https:\/\/markandersonmortgages.ca\/#website","url":"https:\/\/markandersonmortgages.ca\/","name":"DLC - Anderson Financial Mortgage &amp; Insurance","description":"Just another WordPress site","potentialAction":[{"@type":"SearchAction","target":{"@type":"EntryPoint","urlTemplate":"https:\/\/markandersonmortgages.ca\/?s={search_term_string}"},"query-input":"required name=search_term_string"}],"inLanguage":"fr-FR"},{"@type":"ImageObject","@id":"https:\/\/markandersonmortgages.ca\/fr\/home-purchase\/home-purchase-calculators\/#primaryimage","inLanguage":"fr-FR","url":"https:\/\/markandersonmortgages.ca\/wp-content\/uploads\/2016\/10\/calculators.jpg","contentUrl":"https:\/\/markandersonmortgages.ca\/wp-content\/uploads\/2016\/10\/calculators.jpg","width":2000,"height":1178},{"@type":"WebPage","@id":"https:\/\/markandersonmortgages.ca\/fr\/home-purchase\/home-purchase-calculators\/#webpage","url":"https:\/\/markandersonmortgages.ca\/fr\/home-purchase\/home-purchase-calculators\/","name":"Calculateurs relatifs \u00e0 l&#8217;achat d&#8217;une propri\u00e9t\u00e9 - DLC - Anderson Financial Mortgage &amp; Insurance","isPartOf":{"@id":"https:\/\/markandersonmortgages.ca\/#website"},"primaryImageOfPage":{"@id":"https:\/\/markandersonmortgages.ca\/fr\/home-purchase\/home-purchase-calculators\/#primaryimage"},"datePublished":"2016-09-13T18:58:26+00:00","dateModified":"2017-01-15T03:06:34+00:00","breadcrumb":{"@id":"https:\/\/markandersonmortgages.ca\/fr\/home-purchase\/home-purchase-calculators\/#breadcrumb"},"inLanguage":"fr-FR","potentialAction":[{"@type":"ReadAction","target":["https:\/\/markandersonmortgages.ca\/fr\/home-purchase\/home-purchase-calculators\/"]}]},{"@type":"BreadcrumbList","@id":"https:\/\/markandersonmortgages.ca\/fr\/home-purchase\/home-purchase-calculators\/#breadcrumb","itemListElement":[{"@type":"ListItem","position":1,"name":"Home","item":"https:\/\/markandersonmortgages.ca\/fr\/"},{"@type":"ListItem","position":2,"name":"Home Purchase","item":"https:\/\/markandersonmortgages.ca\/fr\/home-purchase\/"},{"@type":"ListItem","position":3,"name":"Calculateurs relatifs \u00e0 l&#8217;achat d&#8217;une propri\u00e9t\u00e9"}]}]}},"_links":{"self":[{"href":"https:\/\/markandersonmortgages.ca\/fr\/wp-json\/wp\/v2\/pages\/616"}],"collection":[{"href":"https:\/\/markandersonmortgages.ca\/fr\/wp-json\/wp\/v2\/pages"}],"about":[{"href":"https:\/\/markandersonmortgages.ca\/fr\/wp-json\/wp\/v2\/types\/page"}],"author":[{"embeddable":true,"href":"https:\/\/markandersonmortgages.ca\/fr\/wp-json\/wp\/v2\/users\/1"}],"replies":[{"embeddable":true,"href":"https:\/\/markandersonmortgages.ca\/fr\/wp-json\/wp\/v2\/comments?post=616"}],"version-history":[{"count":2,"href":"https:\/\/markandersonmortgages.ca\/fr\/wp-json\/wp\/v2\/pages\/616\/revisions"}],"predecessor-version":[{"id":877,"href":"https:\/\/markandersonmortgages.ca\/fr\/wp-json\/wp\/v2\/pages\/616\/revisions\/877"}],"up":[{"embeddable":true,"href":"https:\/\/markandersonmortgages.ca\/fr\/wp-json\/wp\/v2\/pages\/628"}],"wp:featuredmedia":[{"embeddable":true,"href":"https:\/\/markandersonmortgages.ca\/fr\/wp-json\/wp\/v2\/media\/501"}],"wp:attachment":[{"href":"https:\/\/markandersonmortgages.ca\/fr\/wp-json\/wp\/v2\/media?parent=616"}],"curies":[{"name":"wp","href":"https:\/\/api.w.org\/{rel}","templated":true}]}}